{"id":1474,"date":"2024-03-21T10:10:02","date_gmt":"2024-03-21T14:10:02","guid":{"rendered":"https:\/\/laurentiaexploration.com\/?page_id=1474"},"modified":"2024-04-12T15:17:03","modified_gmt":"2024-04-12T19:17:03","slug":"privacy-policy","status":"publish","type":"page","link":"https:\/\/laurentiaexploration.com\/en\/privacy-policy\/","title":{"rendered":"Privacy policy"},"content":{"rendered":"\n<h2 class=\"wp-block-heading\">Privacy policy<\/h2>\n\n\n\n<p>The purpose of this Privacy Policy is to inform users of our site <a href=\"https:\/\/laurentiaexploration.com\/\">https:\/\/laurentiaexploration.com\/<\/a> of the personal data we collect and their use.<\/p>\n\n\n\n<p>Laurentia Exploration strictly complies with Quebec Law 25 regarding the protection of personal data.<br>This privacy policy also details our commitment and the measures taken to ensure the security of your personal information<\/p>\n\n\n\n<ol class=\"wp-block-list\">\n<li>Types of personal data collected<\/li>\n\n\n\n<li>Use of Personal Information Collected<\/li>\n\n\n\n<li>Data Security Protocols<\/li>\n\n\n\n<li>Your Rights<\/li>\n<\/ol>\n\n\n\n<h2 class=\"wp-block-heading\">Types of personal data collected<\/h2>\n\n\n\n<h3 class=\"wp-block-heading\">Automatically collected data<\/h3>\n\n\n\n<p>When you visit <a href=\"https:\/\/laurentiaexploration.com\/\">https:\/\/laurentiaexploration.com\/<\/a> we automatically collect information about your device and your interaction with our site via the Google Analytics tool.<br><strong>This includes the following data:<\/strong><\/p>\n\n\n\n<ol class=\"wp-block-list\">\n<li>IP address<\/li>\n\n\n\n<li>Location<\/li>\n\n\n\n<li>Hardware and Software Details<\/li>\n\n\n\n<li>Content the user views on our site<\/li>\n\n\n\n<li>Links that a user clicks on when going to the site<\/li>\n<\/ol>\n\n\n\n<h2 class=\"wp-block-heading\">Personal data not collected automatically<\/h2>\n\n\n\n<p><strong>Your personal data is collected via:<\/strong><\/p>\n\n\n\n<ol class=\"wp-block-list\">\n<li>Resume Submission Form<\/li>\n\n\n\n<li>Contact Us Form<\/li>\n<\/ol>\n\n\n\n<p><strong>This includes the following data, if you provide it to us:<\/strong><\/p>\n\n\n\n<ol class=\"wp-block-list\">\n<li>First name<\/li>\n\n\n\n<li>Name<\/li>\n\n\n\n<li>Email<\/li>\n\n\n\n<li>Phone number<\/li>\n\n\n\n<li>Curriculum Vitae<\/li>\n<\/ol>\n\n\n\n<h2 class=\"wp-block-heading\">Use of personal information collected<\/h2>\n\n\n\n<p>Please note that we only collect data that helps us achieve the purpose set out in this Privacy Policy. We will not collect additional data without informing you beforehand.<\/p>\n\n\n\n<p>We use this data to:<\/p>\n\n\n\n<ol class=\"wp-block-list\">\n<li>Follow-up of applications received<\/li>\n\n\n\n<li>Make statistical analyses to improve the site<\/li>\n\n\n\n<li>As part of a data security protocol<\/li>\n<\/ol>\n\n\n\n<h2 class=\"wp-block-heading\">Security measures<\/h2>\n\n\n\n<p>Your data is stored in a secure and controlled environment. We use SSL protocols and robust security measures to prevent unauthorized access.<br>We undertake not to sell or share your data with third parties, unless required by law or in the event of legal proceedings.<br>We may disclose to any member of our organization the user data that it reasonably needs to achieve the purposes set out in this policy.<\/p>\n\n\n\n<h2 class=\"wp-block-heading\">Duration of use of personal data<\/h2>\n\n\n\n<p>We retain personal data for a period of 2 years. We will ensure that users are informed if their data is kept longer than this period.<\/p>\n\n\n\n<h2 class=\"wp-block-heading\">In case of data leakage<\/h2>\n\n\n\n<p>In the event of a leak of your personal data, we undertake to keep you and the Commission d&#8217;acc\u00e8s \u00e0 l&#8217;information du Qu\u00e9bec informed.<\/p>\n\n\n\n<h2 class=\"wp-block-heading\">Your rights<\/h2>\n\n\n\n<h3 class=\"wp-block-heading\">User rights<\/h3>\n\n\n\n<p>If you are a resident of Qu\u00e9bec, in accordance with Bill 25, you have specific rights regarding your personal data:<\/p>\n\n\n\n<ol class=\"wp-block-list\">\n<li>Right to be informed<\/li>\n\n\n\n<li>Right of access<\/li>\n\n\n\n<li>Right of rectification<\/li>\n\n\n\n<li>Right to data portability<\/li>\n<\/ol>\n\n\n\n<p>You have the right to object to the use of your data and to withdraw it.<br><strong>To exercise these rights, please contact our Data Protection Officer:<\/strong><\/p>\n\n\n\n<p><strong>Manager Name<\/strong>: Alexis Paulin Bissonnette<br><strong>Address:<\/strong> 3415 rue de l&#8217;\u00c9nergie, Jonqui\u00e8re, G7X 0J6<br><strong>Email: <\/strong>info@laurentiaexploration.com<br><strong>Phone:<\/strong> 418-512-4653<\/p>\n\n\n\n<h2 class=\"wp-block-heading\">Right of access and rectification<\/h2>\n\n\n\n<p>You can view, change or delete your data. To do this, use the same contact details mentioned above.<\/p>\n\n\n\n<h2 class=\"wp-block-heading\">Consent and Withdrawal<\/h2>\n\n\n\n<p>You can visit our site without revealing your identity. However, some features require the collection of personal data. You always have the choice not to provide this information.<\/p>\n\n\n\n<h2 class=\"wp-block-heading\">Minors<\/h2>\n\n\n\n<p>Law 25 specifies that persons under the age of 14 are considered minors for the purposes of data collection. Their personal information may not be collected from them without the consent of the holder of parental authority or the guardian, unless such collection is clearly for the benefit of the minor.<\/p>\n\n\n\n<h2 class=\"wp-block-heading\">External links<\/h2>\n\n\n\n<p>Our site may contain links to other websites. We are not responsible for their privacy practices.<\/p>\n\n\n\n<h2 class=\"wp-block-heading\">Contact<\/h2>\n\n\n\n<p>Our privacy policy was updated on 2024-04-12<br>If you have any questions about this privacy policy, you can contact us via email <a href=\"mailto:info@laurentiaexploration.com\">info@laurentiaexploration.com<\/a><br>By using our site <a href=\"https:\/\/laurentiaexploration.com\/\">https:\/\/laurentiaexploration.com\/<\/a> you agree to the terms of this privacy policy<\/p>\n\n\n\n<div style=\"height:100px\" aria-hidden=\"true\" class=\"wp-block-spacer\"><\/div>\n","protected":false},"excerpt":{"rendered":"<p>Privacy policy The purpose of this Privacy Policy is to inform users of our site https:\/\/laurentiaexploration.com\/ of the personal data we &#8230;<\/p>\n","protected":false},"author":1,"featured_media":0,"parent":0,"menu_order":0,"comment_status":"closed","ping_status":"closed","template":"","meta":{"_exactmetrics_skip_tracking":false,"_exactmetrics_sitenote_active":false,"_exactmetrics_sitenote_note":"","_exactmetrics_sitenote_category":0,"footnotes":""},"class_list":["post-1474","page","type-page","status-publish","hentry"],"_links":{"self":[{"href":"https:\/\/laurentiaexploration.com\/en\/wp-json\/wp\/v2\/pages\/1474","targetHints":{"allow":["GET"]}}],"collection":[{"href":"https:\/\/laurentiaexploration.com\/en\/wp-json\/wp\/v2\/pages"}],"about":[{"href":"https:\/\/laurentiaexploration.com\/en\/wp-json\/wp\/v2\/types\/page"}],"author":[{"embeddable":true,"href":"https:\/\/laurentiaexploration.com\/en\/wp-json\/wp\/v2\/users\/1"}],"replies":[{"embeddable":true,"href":"https:\/\/laurentiaexploration.com\/en\/wp-json\/wp\/v2\/comments?post=1474"}],"version-history":[{"count":5,"href":"https:\/\/laurentiaexploration.com\/en\/wp-json\/wp\/v2\/pages\/1474\/revisions"}],"predecessor-version":[{"id":1499,"href":"https:\/\/laurentiaexploration.com\/en\/wp-json\/wp\/v2\/pages\/1474\/revisions\/1499"}],"wp:attachment":[{"href":"https:\/\/laurentiaexploration.com\/en\/wp-json\/wp\/v2\/media?parent=1474"}],"curies":[{"name":"wp","href":"https:\/\/api.w.org\/{rel}","templated":true}]}}